{"id":3575,"date":"2025-03-20T07:32:38","date_gmt":"2025-03-20T06:32:38","guid":{"rendered":"https:\/\/www.exito.ag\/privacy-policy\/"},"modified":"2025-07-23T09:51:58","modified_gmt":"2025-07-23T07:51:58","slug":"privacy-policy","status":"publish","type":"page","link":"https:\/\/www.exito.ag\/en\/privacy-policy\/","title":{"rendered":"Privacy Policy"},"content":{"rendered":"<div class=\"fusion-fullwidth fullwidth-box fusion-builder-row-1 fusion-flex-container nonhundred-percent-fullwidth non-hundred-percent-height-scrolling\" style=\"--awb-border-radius-top-left:0px;--awb-border-radius-top-right:0px;--awb-border-radius-bottom-right:0px;--awb-border-radius-bottom-left:0px;--awb-flex-wrap:wrap;\" ><div class=\"fusion-builder-row fusion-row fusion-flex-align-items-flex-start fusion-flex-content-wrap\" style=\"max-width:1497.6px;margin-left: calc(-4% \/ 2 );margin-right: calc(-4% \/ 2 );\"><div class=\"fusion-layout-column fusion_builder_column fusion-builder-column-0 fusion_builder_column_1_1 1_1 fusion-flex-column\" style=\"--awb-bg-size:cover;--awb-width-large:100%;--awb-margin-top-large:0px;--awb-spacing-right-large:1.92%;--awb-margin-bottom-large:20px;--awb-spacing-left-large:1.92%;--awb-width-medium:100%;--awb-spacing-right-medium:1.92%;--awb-spacing-left-medium:1.92%;--awb-width-small:100%;--awb-spacing-right-small:1.92%;--awb-spacing-left-small:1.92%;\"><div class=\"fusion-column-wrapper fusion-flex-justify-content-flex-start fusion-content-layout-column\"><div class=\"fusion-text fusion-text-1\"><h1>Data Protection Agreements<\/h1>\n<p>In this privacy policy, we inform you about the processing of your personal data. <\/p>\n<h2>Responsible party<\/h2>\n<p>Exito GmbH<br \/>Brunau 9<br \/>4841 Ungenach<br \/>\u00d6sterreich\/Austria<br \/>Telefon: +43 664\/ 44 29 108<br \/>Email: <a href=\"mailto:office@exito.at\">office@exito.at<\/a><\/p>\n<h2>Server Log Files<\/h2>\n<p>For the purpose of monitoring technical functionality and enhancing the operational security of our web hosting provider, connection data is processed. The duration of processing is limited to 7 days.<br \/>The legal basis for this data processing is the absolute technical necessity of server log files as a fundamental data source for error analysis and security measures, within the scope of the explicitly requested service \u201cwebsite,\u201d pursuant to \u00a7\u202f96 (3) of the Austrian Telecommunications Act (TKG).   <\/p>\n<h2>Contact Form<\/h2>\n<p>On our website, you have the option to contact us directly via a contact form. After submitting the form, the personal data you have entered will be processed by the controller for the purpose of handling your inquiry, based on the consent you have given by submitting the form, pursuant to Art. 6 (1) lit. a GDPR, until such consent is withdrawn.<br \/>There is no legal or contractual obligation to provide personal data. However, if you choose not to provide the required information, your request cannot be submitted and therefore cannot be processed by us.      <\/p>\n<h2>Security Services<\/h2>\n<p>On this website, we use security services such as CAPTCHA providers to prevent non-human and automated entries.<br \/>These services help ensure that form submissions are made by real persons and not by automated programs (bots). For this purpose, certain technical data (such as IP address, browser information, interaction patterns) may be transmitted to the service provider and analyzed.<br \/>The legal basis for this processing is our legitimate interest in securing our website and preventing abuse, pursuant to Art. 6 (1) lit. f GDPR.<\/p>\n<h2>Embeddings<\/h2>\n<h3>Google Maps<\/h3>\n<p>If you grant your consent, we use the service <a href=\"https:\/\/www.google.at\/maps\" target=\"_blank\" rel=\"noopener\">Google Maps<\/a>, provided by Google LLC, Amphitheatre Parkway, Mountain View, CA 94043, USA, as joint controllers, to display interactive maps on our website.<br \/>We enable Google to collect connection data, browser information, and to place an advertising cookie. Through this cookie, Google can generate a unique user ID for each visitor. These personal data, which allow for unambiguous identification, are then processed within the scope of Google\u2019s advertising network.<br \/>To the extent that Google independently processes personal data\u2014particularly for advertising purposes\u2014Google acts as the sole controller. For more details, please refer to Google\u2019s <a href=\"https:\/\/policies.google.com\/privacy?gl=AT&amp;hl=de#intro\" target=\"_blank\" rel=\"noopener\">privacy policy<\/a>.<br \/>Failure to provide consent will simply result in Google Maps not being made available to you.<br \/>The legal basis for this data processing is your consent pursuant to Art. 6 (1) lit. a GDPR.<br \/>Google transfers your personal data to the USA. The legal basis for this data transfer is your explicit consent pursuant to Art. 49 (1) lit. a in conjunction with Art. 6 (1) lit. a GDPR.<br \/>Before giving your consent, you were informed that the USA does not provide a level of data protection equivalent to that of the EU. In particular, U.S. intelligence agencies may access your data without informing you and without providing any legal remedies. For this reason, the European Court of Justice declared the previous adequacy decision (Privacy Shield) invalid.             <\/p>\n<h2>Analytics Services<\/h2>\n<h3>Google Analytics<\/h3>\n<p>Im Fall der Erteilung Ihrer Einwilligung verarbeiten wir mit dem Dienst <a href=\"https:\/\/analytics.google.com\/\" target=\"_blank\" rel=\"noopener\">Google Analytics<\/a>, Google LLC, Amphitheatre Parkway, Mountain View, CA 94043, USA, als gemeinsame Verantwortliche Ihre personenbezogenen Daten zum Zweck der Fehleranalyse und der statistischen Auswertung unserer Website. Die Nichterteilung der Einwilligung hat auf die Funktion der Website keine unmittelbare Auswirkung, ohne statistische Daten wird uns jedoch die Weiterentwicklung der Website erschwert. Wir erm\u00f6glichen dem Dienst die Erhebung von Verbindungsdaten, Daten ihres Webbrowsers und Daten \u00fcber die aufgerufenen Inhalte sowie die Ausf\u00fchrung von Analysesoftware und die Speicherung von Daten auf ihrem Endger\u00e4t. Der Dienst anonymisiert die erhobenen Daten unmittelbar nach der Erhebung und stellt uns die anonymen Daten in Form von Statistiken zur Auswertung zur Verf\u00fcgung. Wir nutzen diese Statistiken zur Fehlerbehebung und zur Weiterentwicklung unserer Website. Die Daten auf ihrem Endger\u00e4t werden f\u00fcr die Dauer von bis zu zwei Jahren gespeichert. Die Rechtsgrundlage f\u00fcr die Datenverarbeitung ist Ihre Einwilligung gem\u00e4\u00df \u00a7 96 Abs. 3 TKG. Der Google Konzern \u00fcbermittelt Ihre personenbezogenen Daten in die USA. Die Rechtsgrundlage f\u00fcr die Daten\u00fcbermittlung in die USA ist Ihre Einwilligung gem\u00e4\u00df Art. 49 Abs 1 lit a iVm Art. 6 Abs 1 lit a DSGVO. Sie wurden bereits vor Erteilung Ihrer Einwilligung informiert, dass die USA \u00fcber kein den Standards der EU entsprechendes Datenschutzniveau verf\u00fcgt. Insbesondere k\u00f6nnen US Geheimdienste auf Ihre Daten zugreifen, ohne dass Sie dar\u00fcber informiert werden und ohne dass Sie dagegen rechtlich vorgehen k\u00f6nnen. Der Europ\u00e4ische Gerichtshof hat aus diesem Grund in einem Urteil den fr\u00fcheren Angemessenheitsbeschluss (Privacy Shield) f\u00fcr ung\u00fcltig erkl\u00e4rt.            <\/p>\n<h2>Right to Object<\/h2>\n<p>If the processing of your personal data is based on legitimate interests, you have the right to object to such processing at any time.<br \/>Unless we can demonstrate compelling legitimate grounds for the processing that override your interests, rights, and freedoms, we will cease processing your data on this legal basis.<br \/>In addition, you have the right to object to the processing of your personal data for direct marketing purposes at any time.<br \/>If you object to processing for direct marketing purposes, your personal data will no longer be processed for such purposes.<br \/>The lawfulness of data processing carried out prior to your objection remains unaffected.    <\/p>\n<h2>Rights of the Data Subject<\/h2>\n<p>You also have the right to access, rectification, erasure, and restriction of the processing of your personal data.<br \/>If the legal basis for processing your personal data is your consent or a contract concluded with you, you additionally have the right to data portability.<br \/>Furthermore, you have the right to lodge a complaint with a supervisory authority.<br \/>For more information on supervisory authorities within the European Union, please refer to the following link: <a href=\"https:\/\/ec.europa.eu\/justice\/article-29\/structure\/data-protection-authorities\/index_en.htm\" target=\"_blank\" rel=\"noopener\">link<\/a>   <\/p>\n<\/div><\/div><\/div><\/div><\/div>\n","protected":false},"excerpt":{"rendered":"","protected":false},"author":1,"featured_media":0,"parent":0,"menu_order":0,"comment_status":"closed","ping_status":"closed","template":"","meta":{"_acf_changed":false,"footnotes":""},"class_list":["post-3575","page","type-page","status-publish","hentry"],"acf":[],"yoast_head":"<!-- This site is optimized with the Yoast SEO plugin v27.2 - https:\/\/yoast.com\/product\/yoast-seo-wordpress\/ -->\n<title>Privacy Policy - EXITO - OUTDOOR LIVING<\/title>\n<meta name=\"robots\" content=\"index, follow, max-snippet:-1, max-image-preview:large, max-video-preview:-1\" \/>\n<link rel=\"canonical\" href=\"https:\/\/www.exito.ag\/en\/privacy-policy\/\" \/>\n<meta property=\"og:locale\" content=\"en_US\" \/>\n<meta property=\"og:type\" content=\"article\" \/>\n<meta property=\"og:title\" content=\"Privacy Policy - EXITO - OUTDOOR LIVING\" \/>\n<meta property=\"og:url\" content=\"https:\/\/www.exito.ag\/en\/privacy-policy\/\" \/>\n<meta property=\"og:site_name\" content=\"EXITO - OUTDOOR LIVING\" \/>\n<meta property=\"article:modified_time\" content=\"2025-07-23T07:51:58+00:00\" \/>\n<meta name=\"twitter:card\" content=\"summary_large_image\" \/>\n<meta name=\"twitter:label1\" content=\"Est. reading time\" \/>\n\t<meta name=\"twitter:data1\" content=\"6 minutes\" \/>\n<script type=\"application\/ld+json\" class=\"yoast-schema-graph\">{\"@context\":\"https:\/\/schema.org\",\"@graph\":[{\"@type\":\"WebPage\",\"@id\":\"https:\/\/www.exito.ag\/en\/privacy-policy\/\",\"url\":\"https:\/\/www.exito.ag\/en\/privacy-policy\/\",\"name\":\"Privacy Policy - EXITO - OUTDOOR LIVING\",\"isPartOf\":{\"@id\":\"https:\/\/www.exito.ag\/en\/#website\"},\"datePublished\":\"2025-03-20T06:32:38+00:00\",\"dateModified\":\"2025-07-23T07:51:58+00:00\",\"breadcrumb\":{\"@id\":\"https:\/\/www.exito.ag\/en\/privacy-policy\/#breadcrumb\"},\"inLanguage\":\"en-US\",\"potentialAction\":[{\"@type\":\"ReadAction\",\"target\":[\"https:\/\/www.exito.ag\/en\/privacy-policy\/\"]}]},{\"@type\":\"BreadcrumbList\",\"@id\":\"https:\/\/www.exito.ag\/en\/privacy-policy\/#breadcrumb\",\"itemListElement\":[{\"@type\":\"ListItem\",\"position\":1,\"name\":\"Startseite\",\"item\":\"https:\/\/www.exito.ag\/en\/home\/\"},{\"@type\":\"ListItem\",\"position\":2,\"name\":\"Privacy Policy\"}]},{\"@type\":\"WebSite\",\"@id\":\"https:\/\/www.exito.ag\/en\/#website\",\"url\":\"https:\/\/www.exito.ag\/en\/\",\"name\":\"EXITO - OUTDOOR LIVING\",\"description\":\"\",\"potentialAction\":[{\"@type\":\"SearchAction\",\"target\":{\"@type\":\"EntryPoint\",\"urlTemplate\":\"https:\/\/www.exito.ag\/en\/?s={search_term_string}\"},\"query-input\":{\"@type\":\"PropertyValueSpecification\",\"valueRequired\":true,\"valueName\":\"search_term_string\"}}],\"inLanguage\":\"en-US\"}]}<\/script>\n<!-- \/ Yoast SEO plugin. -->","yoast_head_json":{"title":"Privacy Policy - EXITO - OUTDOOR LIVING","robots":{"index":"index","follow":"follow","max-snippet":"max-snippet:-1","max-image-preview":"max-image-preview:large","max-video-preview":"max-video-preview:-1"},"canonical":"https:\/\/www.exito.ag\/en\/privacy-policy\/","og_locale":"en_US","og_type":"article","og_title":"Privacy Policy - EXITO - OUTDOOR LIVING","og_url":"https:\/\/www.exito.ag\/en\/privacy-policy\/","og_site_name":"EXITO - OUTDOOR LIVING","article_modified_time":"2025-07-23T07:51:58+00:00","twitter_card":"summary_large_image","twitter_misc":{"Est. reading time":"6 minutes"},"schema":{"@context":"https:\/\/schema.org","@graph":[{"@type":"WebPage","@id":"https:\/\/www.exito.ag\/en\/privacy-policy\/","url":"https:\/\/www.exito.ag\/en\/privacy-policy\/","name":"Privacy Policy - EXITO - OUTDOOR LIVING","isPartOf":{"@id":"https:\/\/www.exito.ag\/en\/#website"},"datePublished":"2025-03-20T06:32:38+00:00","dateModified":"2025-07-23T07:51:58+00:00","breadcrumb":{"@id":"https:\/\/www.exito.ag\/en\/privacy-policy\/#breadcrumb"},"inLanguage":"en-US","potentialAction":[{"@type":"ReadAction","target":["https:\/\/www.exito.ag\/en\/privacy-policy\/"]}]},{"@type":"BreadcrumbList","@id":"https:\/\/www.exito.ag\/en\/privacy-policy\/#breadcrumb","itemListElement":[{"@type":"ListItem","position":1,"name":"Startseite","item":"https:\/\/www.exito.ag\/en\/home\/"},{"@type":"ListItem","position":2,"name":"Privacy Policy"}]},{"@type":"WebSite","@id":"https:\/\/www.exito.ag\/en\/#website","url":"https:\/\/www.exito.ag\/en\/","name":"EXITO - OUTDOOR LIVING","description":"","potentialAction":[{"@type":"SearchAction","target":{"@type":"EntryPoint","urlTemplate":"https:\/\/www.exito.ag\/en\/?s={search_term_string}"},"query-input":{"@type":"PropertyValueSpecification","valueRequired":true,"valueName":"search_term_string"}}],"inLanguage":"en-US"}]}},"_links":{"self":[{"href":"https:\/\/www.exito.ag\/en\/wp-json\/wp\/v2\/pages\/3575","targetHints":{"allow":["GET"]}}],"collection":[{"href":"https:\/\/www.exito.ag\/en\/wp-json\/wp\/v2\/pages"}],"about":[{"href":"https:\/\/www.exito.ag\/en\/wp-json\/wp\/v2\/types\/page"}],"author":[{"embeddable":true,"href":"https:\/\/www.exito.ag\/en\/wp-json\/wp\/v2\/users\/1"}],"replies":[{"embeddable":true,"href":"https:\/\/www.exito.ag\/en\/wp-json\/wp\/v2\/comments?post=3575"}],"version-history":[{"count":2,"href":"https:\/\/www.exito.ag\/en\/wp-json\/wp\/v2\/pages\/3575\/revisions"}],"predecessor-version":[{"id":3577,"href":"https:\/\/www.exito.ag\/en\/wp-json\/wp\/v2\/pages\/3575\/revisions\/3577"}],"wp:attachment":[{"href":"https:\/\/www.exito.ag\/en\/wp-json\/wp\/v2\/media?parent=3575"}],"curies":[{"name":"wp","href":"https:\/\/api.w.org\/{rel}","templated":true}]}}