{"id":1874,"date":"2025-05-19T11:14:31","date_gmt":"2025-05-19T09:14:31","guid":{"rendered":"https:\/\/temp01.woern.at\/?post_type=product&#038;p=1874"},"modified":"2025-06-12T10:19:36","modified_gmt":"2025-06-12T08:19:36","slug":"terassenschrank","status":"publish","type":"product","link":"https:\/\/www.exito.ag\/en\/produkt\/terassenschrank\/","title":{"rendered":"Terassenschrank"},"content":{"rendered":"<div class=\"fusion-fullwidth fullwidth-box fusion-builder-row-1 fusion-flex-container has-pattern-background has-mask-background fusion-parallax-none nonhundred-percent-fullwidth non-hundred-percent-height-scrolling\" style=\"--awb-border-radius-top-left:0px;--awb-border-radius-top-right:0px;--awb-border-radius-bottom-right:0px;--awb-border-radius-bottom-left:0px;--awb-padding-right:0px;--awb-padding-left:0px;--awb-margin-bottom:50px;--awb-min-height:800px;--awb-background-image:url(&quot;https:\/\/www.exito.ag\/wp-content\/uploads\/2025\/04\/55070_Terrassenschrank-Romeo_GrM_silber-metallic-scaled.jpg&quot;);--awb-background-size:cover;--awb-flex-wrap:wrap;\" ><div class=\"fusion-builder-row fusion-row fusion-flex-align-items-stretch fusion-flex-content-wrap\" style=\"max-width:1497.6px;margin-left: calc(-4% \/ 2 );margin-right: calc(-4% \/ 2 );\"><div class=\"fusion-layout-column fusion_builder_column fusion-builder-column-0 fusion_builder_column_1_3 1_3 fusion-flex-column\" style=\"--awb-padding-top:50px;--awb-padding-right:50px;--awb-padding-bottom:50px;--awb-padding-left:50px;--awb-bg-color:hsla(var(--awb-color1-h),var(--awb-color1-s),var(--awb-color1-l),calc(var(--awb-color1-a) - 15%));--awb-bg-color-hover:hsla(var(--awb-color1-h),var(--awb-color1-s),var(--awb-color1-l),calc(var(--awb-color1-a) - 15%));--awb-bg-size:cover;--awb-width-large:33.333333333333%;--awb-margin-top-large:0px;--awb-spacing-right-large:5.76%;--awb-margin-bottom-large:0px;--awb-spacing-left-large:5.76%;--awb-width-medium:33.333333333333%;--awb-order-medium:0;--awb-spacing-right-medium:5.76%;--awb-spacing-left-medium:5.76%;--awb-width-small:100%;--awb-order-small:0;--awb-spacing-right-small:1.92%;--awb-spacing-left-small:1.92%;\" data-scroll-devices=\"small-visibility,medium-visibility,large-visibility\"><div class=\"fusion-column-wrapper fusion-column-has-shadow fusion-flex-justify-content-flex-start fusion-content-layout-column\"><div class=\"fusion-builder-row fusion-builder-row-inner fusion-row fusion-flex-align-items-stretch fusion-flex-content-wrap\" style=\"--awb-flex-grow:0;--awb-flex-grow-medium:0;--awb-flex-grow-small:0;--awb-flex-shrink:0;--awb-flex-shrink-medium:0;--awb-flex-shrink-small:0;width:104% !important;max-width:104% !important;margin-left: calc(-4% \/ 2 );margin-right: calc(-4% \/ 2 );\"><div class=\"fusion-layout-column fusion_builder_column_inner fusion-builder-nested-column-0 fusion_builder_column_inner_1_3 1_3 fusion-flex-column fusion-flex-align-self-stretch\" style=\"--awb-bg-size:cover;--awb-width-large:33.333333333333%;--awb-margin-top-large:0px;--awb-spacing-right-large:5.76%;--awb-margin-bottom-large:20px;--awb-spacing-left-large:5.76%;--awb-width-medium:33.333333333333%;--awb-order-medium:0;--awb-spacing-right-medium:5.76%;--awb-spacing-left-medium:5.76%;--awb-width-small:100%;--awb-order-small:0;--awb-spacing-right-small:1.92%;--awb-spacing-left-small:1.92%;\" data-scroll-devices=\"small-visibility,medium-visibility,large-visibility\"><div class=\"fusion-column-wrapper fusion-column-has-shadow fusion-flex-justify-content-flex-start fusion-content-layout-column\"><div class=\"fusion-image-element \" style=\"--awb-max-width:40px;--awb-caption-title-font-family:var(--h2_typography-font-family);--awb-caption-title-font-weight:var(--h2_typography-font-weight);--awb-caption-title-font-style:var(--h2_typography-font-style);--awb-caption-title-size:var(--h2_typography-font-size);--awb-caption-title-transform:var(--h2_typography-text-transform);--awb-caption-title-line-height:var(--h2_typography-line-height);--awb-caption-title-letter-spacing:var(--h2_typography-letter-spacing);\"><span class=\" fusion-imageframe imageframe-none imageframe-1 hover-type-none\"><img decoding=\"async\" width=\"1000\" height=\"1000\" title=\"stuhlgroesse\" src=\"https:\/\/www.exito.ag\/wp-content\/uploads\/2025\/04\/stuhlgroesse.svg\" alt class=\"img-responsive wp-image-2682\"\/><\/span><\/div><\/div><\/div><div class=\"fusion-layout-column fusion_builder_column_inner fusion-builder-nested-column-1 fusion_builder_column_inner_2_3 2_3 fusion-flex-column fusion-flex-align-self-stretch\" style=\"--awb-bg-size:cover;--awb-width-large:66.666666666667%;--awb-margin-top-large:0px;--awb-spacing-right-large:2.88%;--awb-margin-bottom-large:20px;--awb-spacing-left-large:2.88%;--awb-width-medium:66.666666666667%;--awb-order-medium:0;--awb-spacing-right-medium:2.88%;--awb-spacing-left-medium:2.88%;--awb-width-small:100%;--awb-order-small:0;--awb-spacing-right-small:1.92%;--awb-spacing-left-small:1.92%;\" data-scroll-devices=\"small-visibility,medium-visibility,large-visibility\"><div class=\"fusion-column-wrapper fusion-column-has-shadow fusion-flex-justify-content-center fusion-content-layout-column\"><div class=\"fusion-text fusion-text-1\"><p>In 2 Gr\u00f6\u00dfen erh\u00e4ltlich<\/p>\n<p>132x140x57 cm und 132x140x87 cm<\/p>\n<\/div><\/div><\/div><\/div><\/div><\/div><div class=\"fusion-layout-column fusion_builder_column fusion-builder-column-1 fusion_builder_column_2_3 2_3 fusion-flex-column\" style=\"--awb-padding-top:50px;--awb-padding-right:50px;--awb-bg-size:cover;--awb-width-large:66.666666666667%;--awb-margin-top-large:0px;--awb-spacing-right-large:2.88%;--awb-margin-bottom-large:0px;--awb-spacing-left-large:2.88%;--awb-width-medium:66.666666666667%;--awb-order-medium:0;--awb-spacing-right-medium:2.88%;--awb-spacing-left-medium:2.88%;--awb-width-small:100%;--awb-order-small:0;--awb-spacing-right-small:1.92%;--awb-spacing-left-small:1.92%;\" data-scroll-devices=\"small-visibility,medium-visibility,large-visibility\"><div class=\"fusion-column-wrapper fusion-column-has-shadow fusion-flex-justify-content-flex-start fusion-content-layout-column\"><\/div><\/div><\/div><\/div>\n","protected":false},"excerpt":{"rendered":"","protected":false},"featured_media":1743,"template":"","meta":{"_acf_changed":false},"product_brand":[],"product_cat":[73,39],"product_tag":[],"class_list":{"0":"post-1874","1":"product","2":"type-product","3":"status-publish","4":"has-post-thumbnail","6":"product_cat-accessoires","7":"product_cat-gastromoebel","9":"first","10":"instock","11":"shipping-taxable","12":"product-type-simple"},"acf":[],"yoast_head":"<!-- This site is optimized with the Yoast SEO plugin v27.2 - https:\/\/yoast.com\/product\/yoast-seo-wordpress\/ -->\n<title>Terassenschrank - EXITO - OUTDOOR LIVING<\/title>\n<meta name=\"robots\" content=\"index, follow, max-snippet:-1, max-image-preview:large, max-video-preview:-1\" \/>\n<link rel=\"canonical\" href=\"https:\/\/www.exito.ag\/en\/produkt\/terassenschrank\/\" \/>\n<meta property=\"og:locale\" content=\"en_US\" \/>\n<meta property=\"og:type\" content=\"article\" \/>\n<meta property=\"og:title\" content=\"Terassenschrank - EXITO - OUTDOOR LIVING\" \/>\n<meta property=\"og:url\" content=\"https:\/\/www.exito.ag\/en\/produkt\/terassenschrank\/\" \/>\n<meta property=\"og:site_name\" content=\"EXITO - OUTDOOR LIVING\" \/>\n<meta property=\"article:modified_time\" content=\"2025-06-12T08:19:36+00:00\" \/>\n<meta property=\"og:image\" content=\"https:\/\/www.exito.ag\/wp-content\/uploads\/2025\/05\/Terrassenschrank-Silber.jpg\" \/>\n\t<meta property=\"og:image:width\" content=\"750\" \/>\n\t<meta property=\"og:image:height\" content=\"750\" \/>\n\t<meta property=\"og:image:type\" content=\"image\/jpeg\" \/>\n<meta name=\"twitter:card\" content=\"summary_large_image\" \/>\n<meta name=\"twitter:label1\" content=\"Est. reading time\" \/>\n\t<meta name=\"twitter:data1\" content=\"1 minute\" \/>\n<script type=\"application\/ld+json\" class=\"yoast-schema-graph\">{\"@context\":\"https:\/\/schema.org\",\"@graph\":[{\"@type\":\"WebPage\",\"@id\":\"https:\/\/www.exito.ag\/en\/produkt\/terassenschrank\/\",\"url\":\"https:\/\/www.exito.ag\/en\/produkt\/terassenschrank\/\",\"name\":\"Terassenschrank - EXITO - OUTDOOR LIVING\",\"isPartOf\":{\"@id\":\"https:\/\/www.exito.ag\/en\/#website\"},\"primaryImageOfPage\":{\"@id\":\"https:\/\/www.exito.ag\/en\/produkt\/terassenschrank\/#primaryimage\"},\"image\":{\"@id\":\"https:\/\/www.exito.ag\/en\/produkt\/terassenschrank\/#primaryimage\"},\"thumbnailUrl\":\"https:\/\/www.exito.ag\/wp-content\/uploads\/2025\/05\/Terrassenschrank-Silber.jpg\",\"datePublished\":\"2025-05-19T09:14:31+00:00\",\"dateModified\":\"2025-06-12T08:19:36+00:00\",\"breadcrumb\":{\"@id\":\"https:\/\/www.exito.ag\/en\/produkt\/terassenschrank\/#breadcrumb\"},\"inLanguage\":\"en-US\",\"potentialAction\":[{\"@type\":\"ReadAction\",\"target\":[\"https:\/\/www.exito.ag\/en\/produkt\/terassenschrank\/\"]}]},{\"@type\":\"ImageObject\",\"inLanguage\":\"en-US\",\"@id\":\"https:\/\/www.exito.ag\/en\/produkt\/terassenschrank\/#primaryimage\",\"url\":\"https:\/\/www.exito.ag\/wp-content\/uploads\/2025\/05\/Terrassenschrank-Silber.jpg\",\"contentUrl\":\"https:\/\/www.exito.ag\/wp-content\/uploads\/2025\/05\/Terrassenschrank-Silber.jpg\",\"width\":750,\"height\":750},{\"@type\":\"BreadcrumbList\",\"@id\":\"https:\/\/www.exito.ag\/en\/produkt\/terassenschrank\/#breadcrumb\",\"itemListElement\":[{\"@type\":\"ListItem\",\"position\":1,\"name\":\"Startseite\",\"item\":\"https:\/\/www.exito.ag\/en\/home\/\"},{\"@type\":\"ListItem\",\"position\":2,\"name\":\"Shop\",\"item\":\"https:\/\/www.exito.ag\/en\/shop\/\"},{\"@type\":\"ListItem\",\"position\":3,\"name\":\"Terassenschrank\"}]},{\"@type\":\"WebSite\",\"@id\":\"https:\/\/www.exito.ag\/en\/#website\",\"url\":\"https:\/\/www.exito.ag\/en\/\",\"name\":\"EXITO - OUTDOOR LIVING\",\"description\":\"\",\"potentialAction\":[{\"@type\":\"SearchAction\",\"target\":{\"@type\":\"EntryPoint\",\"urlTemplate\":\"https:\/\/www.exito.ag\/en\/?s={search_term_string}\"},\"query-input\":{\"@type\":\"PropertyValueSpecification\",\"valueRequired\":true,\"valueName\":\"search_term_string\"}}],\"inLanguage\":\"en-US\"}]}<\/script>\n<!-- \/ Yoast SEO plugin. -->","yoast_head_json":{"title":"Terassenschrank - EXITO - OUTDOOR LIVING","robots":{"index":"index","follow":"follow","max-snippet":"max-snippet:-1","max-image-preview":"max-image-preview:large","max-video-preview":"max-video-preview:-1"},"canonical":"https:\/\/www.exito.ag\/en\/produkt\/terassenschrank\/","og_locale":"en_US","og_type":"article","og_title":"Terassenschrank - EXITO - OUTDOOR LIVING","og_url":"https:\/\/www.exito.ag\/en\/produkt\/terassenschrank\/","og_site_name":"EXITO - OUTDOOR LIVING","article_modified_time":"2025-06-12T08:19:36+00:00","og_image":[{"width":750,"height":750,"url":"https:\/\/www.exito.ag\/wp-content\/uploads\/2025\/05\/Terrassenschrank-Silber.jpg","type":"image\/jpeg"}],"twitter_card":"summary_large_image","twitter_misc":{"Est. reading time":"1 minute"},"schema":{"@context":"https:\/\/schema.org","@graph":[{"@type":"WebPage","@id":"https:\/\/www.exito.ag\/en\/produkt\/terassenschrank\/","url":"https:\/\/www.exito.ag\/en\/produkt\/terassenschrank\/","name":"Terassenschrank - EXITO - OUTDOOR LIVING","isPartOf":{"@id":"https:\/\/www.exito.ag\/en\/#website"},"primaryImageOfPage":{"@id":"https:\/\/www.exito.ag\/en\/produkt\/terassenschrank\/#primaryimage"},"image":{"@id":"https:\/\/www.exito.ag\/en\/produkt\/terassenschrank\/#primaryimage"},"thumbnailUrl":"https:\/\/www.exito.ag\/wp-content\/uploads\/2025\/05\/Terrassenschrank-Silber.jpg","datePublished":"2025-05-19T09:14:31+00:00","dateModified":"2025-06-12T08:19:36+00:00","breadcrumb":{"@id":"https:\/\/www.exito.ag\/en\/produkt\/terassenschrank\/#breadcrumb"},"inLanguage":"en-US","potentialAction":[{"@type":"ReadAction","target":["https:\/\/www.exito.ag\/en\/produkt\/terassenschrank\/"]}]},{"@type":"ImageObject","inLanguage":"en-US","@id":"https:\/\/www.exito.ag\/en\/produkt\/terassenschrank\/#primaryimage","url":"https:\/\/www.exito.ag\/wp-content\/uploads\/2025\/05\/Terrassenschrank-Silber.jpg","contentUrl":"https:\/\/www.exito.ag\/wp-content\/uploads\/2025\/05\/Terrassenschrank-Silber.jpg","width":750,"height":750},{"@type":"BreadcrumbList","@id":"https:\/\/www.exito.ag\/en\/produkt\/terassenschrank\/#breadcrumb","itemListElement":[{"@type":"ListItem","position":1,"name":"Startseite","item":"https:\/\/www.exito.ag\/en\/home\/"},{"@type":"ListItem","position":2,"name":"Shop","item":"https:\/\/www.exito.ag\/en\/shop\/"},{"@type":"ListItem","position":3,"name":"Terassenschrank"}]},{"@type":"WebSite","@id":"https:\/\/www.exito.ag\/en\/#website","url":"https:\/\/www.exito.ag\/en\/","name":"EXITO - OUTDOOR LIVING","description":"","potentialAction":[{"@type":"SearchAction","target":{"@type":"EntryPoint","urlTemplate":"https:\/\/www.exito.ag\/en\/?s={search_term_string}"},"query-input":{"@type":"PropertyValueSpecification","valueRequired":true,"valueName":"search_term_string"}}],"inLanguage":"en-US"}]}},"_links":{"self":[{"href":"https:\/\/www.exito.ag\/en\/wp-json\/wp\/v2\/product\/1874","targetHints":{"allow":["GET"]}}],"collection":[{"href":"https:\/\/www.exito.ag\/en\/wp-json\/wp\/v2\/product"}],"about":[{"href":"https:\/\/www.exito.ag\/en\/wp-json\/wp\/v2\/types\/product"}],"wp:featuredmedia":[{"embeddable":true,"href":"https:\/\/www.exito.ag\/en\/wp-json\/wp\/v2\/media\/1743"}],"wp:attachment":[{"href":"https:\/\/www.exito.ag\/en\/wp-json\/wp\/v2\/media?parent=1874"}],"wp:term":[{"taxonomy":"product_brand","embeddable":true,"href":"https:\/\/www.exito.ag\/en\/wp-json\/wp\/v2\/product_brand?post=1874"},{"taxonomy":"product_cat","embeddable":true,"href":"https:\/\/www.exito.ag\/en\/wp-json\/wp\/v2\/product_cat?post=1874"},{"taxonomy":"product_tag","embeddable":true,"href":"https:\/\/www.exito.ag\/en\/wp-json\/wp\/v2\/product_tag?post=1874"}],"curies":[{"name":"wp","href":"https:\/\/api.w.org\/{rel}","templated":true}]}}